{"id":537,"date":"2025-10-21T14:11:24","date_gmt":"2025-10-21T20:11:24","guid":{"rendered":"https:\/\/regsaecoat.com.mx\/sistemas\/?page_id=537"},"modified":"2026-01-21T14:58:22","modified_gmt":"2026-01-21T20:58:22","slug":"zinc-alcalino","status":"publish","type":"page","link":"https:\/\/regsaecoat.com.mx\/en\/zinc-alcalino\/","title":{"rendered":"zinc-alcalino"},"content":{"rendered":"<div class=\"wp-block-stackable-hero alignfull stk-block-hero stk-block stk-cf9ea93 stk-block-background is-style-default stk--has-background-overlay\" data-v=\"2\" data-block-id=\"cf9ea93\"><style>.stk-cf9ea93-inner-blocks{justify-content:center !important;}.stk-cf9ea93 {background-image:url(https:\/\/regsaecoat.com.mx\/wp-content\/uploads\/2025\/12\/KTL_gral7.jpg) !important;background-attachment:fixed !important;}.stk-cf9ea93 .stk-block-hero__content{min-height:350px !important;align-items:center !important;display:flex !important;}<\/style><div class=\"stk-block-hero__content stk-content-align stk-cf9ea93-column alignfull stk-container stk-cf9ea93-container stk--no-background stk--no-padding\"><div class=\"stk-block-content stk-inner-blocks has-text-align-center stk--column-flex stk-cf9ea93-inner-blocks\">\n<div class=\"wp-block-stackable-heading stk-block-heading stk-block-heading--v2 stk-block stk-fdf6db1\" id=\"zinc-alcalino\" data-block-id=\"fdf6db1\"><style>.stk-fdf6db1 {min-height:var(--stk--preset--block-height--none, 0px) !important;}.stk-fdf6db1 .stk-block-heading__text{text-shadow:4px 6px 5px #0a29369e !important;font-size:var(--stk--preset--font-size--xx-large, 80px) !important;color:#fffffe !important;}@media screen and (max-width:999px){.stk-fdf6db1 .stk-block-heading__text{font-size:var(--stk--preset--font-size--xx-large, 80px) !important;}}<\/style><h2 class=\"stk-block-heading__text has-text-color\">Zinc-Alkaline<\/h2><\/div>\n<\/div><\/div><\/div>\n\n\n\n<div class=\"wp-block-stackable-feature stk-block-feature stk-block stk-17e6245 is-style-default\" data-v=\"2\" data-block-id=\"17e6245\"><style>.stk-17e6245 {--stk-feature-flex-wrap:nowrap !important;}<\/style><div class=\"stk-content-align stk-17e6245-column stk-container stk-17e6245-container stk--no-background stk--no-padding\"><div class=\"stk-inner-blocks stk-block-content stk-row\">\n<div class=\"wp-block-stackable-column stk-block-column stk-column stk-block stk-2621178\" data-v=\"4\" data-block-id=\"2621178\"><style>.stk-2621178 {align-self:center !important;}<\/style><div class=\"stk-column-wrapper stk-block-column__content stk-container stk-2621178-container stk--no-background stk--no-padding\"><div class=\"stk-block-content stk-inner-blocks stk-2621178-inner-blocks\">\n<div class=\"wp-block-stackable-heading stk-block-heading stk-block-heading--v2 stk-block stk-3f5604e\" id=\"zinc-alcalino\" data-block-id=\"3f5604e\"><h2 class=\"stk-block-heading__text\">Zinc-Alkaline<\/h2><\/div>\n\n\n\n<div class=\"wp-block-stackable-text stk-block-text stk-block stk-ba37c19\" data-block-id=\"ba37c19\"><p class=\"stk-block-text__text\">Zinc alkaline coating is a reliable solution for the anti-corrosion protection of metal parts, especially in the automotive and component industries.<br>\nThis process is carried out by electrodeposition in alkaline baths, achieving a uniform layer of zinc that acts as a barrier and cathodic protection against corrosion.<\/p><\/div>\n<\/div><\/div><\/div>\n\n\n\n<div class=\"wp-block-stackable-column stk-block-column stk-column stk-block stk-7fb4f53\" data-v=\"4\" data-block-id=\"7fb4f53\"><style>.stk-7fb4f53 {align-self:center !important;}<\/style><div class=\"stk-column-wrapper stk-block-column__content stk-container stk-7fb4f53-container stk--no-background stk--no-padding\"><div class=\"stk-block-content stk-inner-blocks stk-7fb4f53-inner-blocks\">\n<div class=\"wp-block-stackable-image stk-block-image stk-block stk-2e2231a\" data-block-id=\"2e2231a\"><figure><span class=\"stk-img-wrapper stk-image--shape-stretch\"><img loading=\"lazy\" decoding=\"async\" class=\"stk-img wp-image-1040\" src=\"https:\/\/regsaecoat.com.mx\/wp-content\/uploads\/2025\/12\/Zinc_Alcalinol_3.png\" width=\"893\" height=\"893\" srcset=\"https:\/\/regsaecoat.com.mx\/wp-content\/uploads\/2025\/12\/Zinc_Alcalinol_3.png 893w, https:\/\/regsaecoat.com.mx\/wp-content\/uploads\/2025\/12\/Zinc_Alcalinol_3-300x300.png 300w, https:\/\/regsaecoat.com.mx\/wp-content\/uploads\/2025\/12\/Zinc_Alcalinol_3-150x150.png 150w, https:\/\/regsaecoat.com.mx\/wp-content\/uploads\/2025\/12\/Zinc_Alcalinol_3-768x768.png 768w\" sizes=\"auto, (max-width: 893px) 100vw, 893px\" \/><\/span><\/figure><\/div>\n<\/div><\/div><\/div>\n<\/div><\/div><\/div>\n\n\n\n<div class=\"wp-block-stackable-divider stk-block-divider stk-block stk-a06f5e4 is-style-bar\" data-block-id=\"a06f5e4\"><style>.stk-a06f5e4 hr.stk-block-divider__hr{width:80% !important;}<\/style><hr class=\"stk-block-divider__hr\"\/><\/div>\n\n\n\n<div class=\"wp-block-stackable-feature-grid alignfull stk-block-feature-grid stk-block-columns stk-block stk-8096dc9 is-style-float\" data-block-id=\"8096dc9\"><div class=\"stk-row stk-inner-blocks has-text-align-center stk-block-content stk-content-align stk-8096dc9-column alignwide\">\n<div class=\"wp-block-stackable-column stk-block-column stk-column stk-block stk-f9f598b\" data-v=\"4\" data-block-id=\"f9f598b\"><style>.stk-f9f598b-container{padding-left:80px !important;}<\/style><div class=\"stk-column-wrapper stk-block-column__content stk-container stk-f9f598b-container stk--no-background stk--no-padding\"><div class=\"has-text-align-left stk-block-content stk-inner-blocks stk-f9f598b-inner-blocks\">\n<div class=\"wp-block-stackable-image stk-block-image stk-block stk-8b27b2c\" data-block-id=\"8b27b2c\"><style>.stk-8b27b2c {margin-left:var(--stk--preset--spacing--none, 0px) !important;}.stk-8b27b2c .stk-img-wrapper{width:400px !important;height:400px !important;}.stk-8b27b2c .stk-img-wrapper img, .stk-8b27b2c .stk-img-wrapper::after, .stk-8b27b2c .stk-img-wrapper::before{mask-image:url('data:image\/svg+xml;base64,PHN2ZyB4bWxucz0iaHR0cDovL3d3dy53My5vcmcvMjAwMC9zdmciIHZpZXdCb3g9IjAgMCAxMDAgMTAwIiBwcmVzZXJ2ZUFzcGVjdFJhdGlvPSJub25lIj48Y2lyY2xlIGN4PSI1MCIgY3k9IjUwIiByPSI1MCI+PC9jaXJjbGU+PC9zdmc+') !important;-webkit-mask-image:url('data:image\/svg+xml;base64,PHN2ZyB4bWxucz0iaHR0cDovL3d3dy53My5vcmcvMjAwMC9zdmciIHZpZXdCb3g9IjAgMCAxMDAgMTAwIiBwcmVzZXJ2ZUFzcGVjdFJhdGlvPSJub25lIj48Y2lyY2xlIGN4PSI1MCIgY3k9IjUwIiByPSI1MCI+PC9jaXJjbGU+PC9zdmc+') !important;}<\/style><figure><span class=\"stk-img-wrapper stk-img--shape stk-image--shape-stretch\"><img loading=\"lazy\" decoding=\"async\" class=\"stk-img wp-image-1039\" src=\"https:\/\/regsaecoat.com.mx\/wp-content\/uploads\/2025\/12\/Zinc_Alcalinol_2.png\" width=\"893\" height=\"893\" srcset=\"https:\/\/regsaecoat.com.mx\/wp-content\/uploads\/2025\/12\/Zinc_Alcalinol_2.png 893w, https:\/\/regsaecoat.com.mx\/wp-content\/uploads\/2025\/12\/Zinc_Alcalinol_2-300x300.png 300w, https:\/\/regsaecoat.com.mx\/wp-content\/uploads\/2025\/12\/Zinc_Alcalinol_2-150x150.png 150w, https:\/\/regsaecoat.com.mx\/wp-content\/uploads\/2025\/12\/Zinc_Alcalinol_2-768x768.png 768w\" sizes=\"auto, (max-width: 893px) 100vw, 893px\" \/><\/span><\/figure><\/div>\n\n\n\n<div class=\"wp-block-stackable-heading stk-block-heading stk-block-heading--v2 stk-block stk-ebfb9af\" id=\"espesor\" data-block-id=\"ebfb9af\"><h3 class=\"stk-block-heading__text\">Thickness<\/h3><\/div>\n\n\n\n<div class=\"wp-block-stackable-text stk-block-text stk-block stk-a69e44e\" data-block-id=\"a69e44e\"><p class=\"stk-block-text__text\">The typical coating thickness ranges from 5 to 25 \u03bcm, depending on the application and customer specifications.<\/p><\/div>\n<\/div><\/div><\/div>\n\n\n\n<div class=\"wp-block-stackable-column stk-block-column stk-column stk-block stk-4cb99fe\" data-v=\"4\" data-block-id=\"4cb99fe\"><style>.stk-4cb99fe-container{padding-left:80px !important;}<\/style><div class=\"stk-column-wrapper stk-block-column__content stk-container stk-4cb99fe-container stk--no-background stk--no-padding\"><div class=\"has-text-align-left stk-block-content stk-inner-blocks stk-4cb99fe-inner-blocks\">\n<div class=\"wp-block-stackable-image stk-block-image stk-block stk-6047113\" data-block-id=\"6047113\"><style>.stk-6047113 {margin-left:var(--stk--preset--spacing--none, 0px) !important;}.stk-6047113 .stk-img-wrapper{width:400px !important;height:400px !important;}.stk-6047113 .stk-img-wrapper img, .stk-6047113 .stk-img-wrapper::after, .stk-6047113 .stk-img-wrapper::before{mask-image:url('data:image\/svg+xml;base64,PHN2ZyB4bWxucz0iaHR0cDovL3d3dy53My5vcmcvMjAwMC9zdmciIHZpZXdCb3g9IjAgMCAxMDAgMTAwIiBwcmVzZXJ2ZUFzcGVjdFJhdGlvPSJub25lIj48Y2lyY2xlIGN4PSI1MCIgY3k9IjUwIiByPSI1MCI+PC9jaXJjbGU+PC9zdmc+') !important;-webkit-mask-image:url('data:image\/svg+xml;base64,PHN2ZyB4bWxucz0iaHR0cDovL3d3dy53My5vcmcvMjAwMC9zdmciIHZpZXdCb3g9IjAgMCAxMDAgMTAwIiBwcmVzZXJ2ZUFzcGVjdFJhdGlvPSJub25lIj48Y2lyY2xlIGN4PSI1MCIgY3k9IjUwIiByPSI1MCI+PC9jaXJjbGU+PC9zdmc+') !important;}<\/style><figure><span class=\"stk-img-wrapper stk-img--shape stk-image--shape-stretch\"><img loading=\"lazy\" decoding=\"async\" class=\"stk-img wp-image-1037\" src=\"https:\/\/regsaecoat.com.mx\/wp-content\/uploads\/2025\/12\/Zinc_Alcalinol_1-1.png\" width=\"893\" height=\"893\" srcset=\"https:\/\/regsaecoat.com.mx\/wp-content\/uploads\/2025\/12\/Zinc_Alcalinol_1-1.png 893w, https:\/\/regsaecoat.com.mx\/wp-content\/uploads\/2025\/12\/Zinc_Alcalinol_1-1-300x300.png 300w, https:\/\/regsaecoat.com.mx\/wp-content\/uploads\/2025\/12\/Zinc_Alcalinol_1-1-150x150.png 150w, https:\/\/regsaecoat.com.mx\/wp-content\/uploads\/2025\/12\/Zinc_Alcalinol_1-1-768x768.png 768w\" sizes=\"auto, (max-width: 893px) 100vw, 893px\" \/><\/span><\/figure><\/div>\n\n\n\n<div class=\"wp-block-stackable-heading stk-block-heading stk-block-heading--v2 stk-block stk-0928298\" id=\"composicion-quimica\" data-block-id=\"0928298\"><h3 class=\"stk-block-heading__text\">Chemical Composition<\/h3><\/div>\n\n\n\n<ul class=\"wp-block-list\">\n<li>Layer of pure metallic zinc electrolytically deposited on the surface of the steel.<\/li>\n\n\n\n<li>The alkaline bath contains complexing agents and additives that ensure homogeneous distribution and excellent coverage.<\/li>\n<\/ul>\n<\/div><\/div><\/div>\n<\/div><\/div>\n\n\n\n<div class=\"wp-block-stackable-feature stk-block-feature stk-block stk-a920df2 is-style-default\" data-v=\"2\" data-block-id=\"a920df2\"><style>.stk-a920df2 {--stk-feature-flex-wrap:nowrap !important;}<\/style><div class=\"stk-content-align stk-a920df2-column stk-container stk-a920df2-container stk--no-background stk--no-padding\"><div class=\"stk-inner-blocks stk-block-content stk-row\">\n<div class=\"wp-block-stackable-column stk-block-column stk-column stk-block stk-816bf70\" data-v=\"4\" data-block-id=\"816bf70\"><style>.stk-816bf70 {align-self:center !important;}@media screen and (min-width:690px){.stk-816bf70 {flex:var(--stk-flex-grow, 1) 1 calc(61.19999999999999% - var(--stk-column-gap, 0px) * 1 \/ 2 ) !important;}}<\/style><div class=\"stk-column-wrapper stk-block-column__content stk-container stk-816bf70-container stk--no-background stk--no-padding\"><div class=\"stk-block-content stk-inner-blocks stk-816bf70-inner-blocks\">\n<div class=\"wp-block-stackable-heading stk-block-heading stk-block-heading--v2 stk-block stk-5478dd1\" id=\"caracteristicas-principales\" data-block-id=\"5478dd1\"><h2 class=\"stk-block-heading__text\">Main Features<\/h2><\/div>\n\n\n\n<ul class=\"wp-block-list\">\n<li><strong>Look:<\/strong> Glossy or semi-glossy finish, ideal for decorative and functional applications.<\/li>\n\n\n\n<li><strong>Adherence:<\/strong> Excellent adhesion to steel and machined parts.<\/li>\n\n\n\n<li><strong>Corrosion protection:<\/strong> It acts as an anode to steel, offering galvanic protection and superior resistance in aggressive environments.<\/li>\n\n\n\n<li><strong>Chemical resistance:<\/strong> Good tolerance to humid and polluted environments.<\/li>\n\n\n\n<li><strong>Compatibility:<\/strong> It can receive additional passivation (white, blue, black) to improve corrosion resistance and aesthetics.<\/li>\n<\/ul>\n<\/div><\/div><\/div>\n\n\n\n<div class=\"wp-block-stackable-column stk-block-column stk-column stk-block stk-5052e33\" data-v=\"4\" data-block-id=\"5052e33\"><style>.stk-5052e33 {align-self:center !important;}@media screen and (min-width:690px){.stk-5052e33 {flex:var(--stk-flex-grow, 1) 1 calc(38.80000000000001% - var(--stk-column-gap, 0px) * 1 \/ 2 ) !important;}}<\/style><div class=\"stk-column-wrapper stk-block-column__content stk-container stk-5052e33-container stk--no-background stk--no-padding\"><div class=\"stk-block-content stk-inner-blocks stk-5052e33-inner-blocks\">\n<div class=\"wp-block-stackable-image stk-block-image stk-block stk-9c7bee7\" data-block-id=\"9c7bee7\"><figure><span class=\"stk-img-wrapper stk-image--shape-stretch\"><img loading=\"lazy\" decoding=\"async\" class=\"stk-img wp-image-1038\" src=\"https:\/\/regsaecoat.com.mx\/wp-content\/uploads\/2025\/12\/Zinc_Alcalinol_4.png\" width=\"893\" height=\"893\" srcset=\"https:\/\/regsaecoat.com.mx\/wp-content\/uploads\/2025\/12\/Zinc_Alcalinol_4.png 893w, https:\/\/regsaecoat.com.mx\/wp-content\/uploads\/2025\/12\/Zinc_Alcalinol_4-300x300.png 300w, https:\/\/regsaecoat.com.mx\/wp-content\/uploads\/2025\/12\/Zinc_Alcalinol_4-150x150.png 150w, https:\/\/regsaecoat.com.mx\/wp-content\/uploads\/2025\/12\/Zinc_Alcalinol_4-768x768.png 768w\" sizes=\"auto, (max-width: 893px) 100vw, 893px\" \/><\/span><\/figure><\/div>\n<\/div><\/div><\/div>\n<\/div><\/div><\/div>","protected":false},"excerpt":{"rendered":"<p>Zinc Alcalino Zinc Alcalino El recubrimiento Zinc Alcalino es una soluci\u00f3n confiable para la protecci\u00f3n anticorrosiva de piezas met\u00e1licas, especialmente en la industria automotriz y de componentes. Este proceso se realiza mediante electrodeposici\u00f3n en ba\u00f1os alcalinos, logrando una capa uniforme de zinc que act\u00faa como barrera y protecci\u00f3n cat\u00f3dica frente a la corrosi\u00f3n. Espesor El [&hellip;]<\/p>","protected":false},"author":1,"featured_media":0,"parent":0,"menu_order":0,"comment_status":"closed","ping_status":"closed","template":"","meta":{"footnotes":""},"class_list":["post-537","page","type-page","status-publish","hentry"],"blocksy_meta":[],"_links":{"self":[{"href":"https:\/\/regsaecoat.com.mx\/en\/wp-json\/wp\/v2\/pages\/537","targetHints":{"allow":["GET"]}}],"collection":[{"href":"https:\/\/regsaecoat.com.mx\/en\/wp-json\/wp\/v2\/pages"}],"about":[{"href":"https:\/\/regsaecoat.com.mx\/en\/wp-json\/wp\/v2\/types\/page"}],"author":[{"embeddable":true,"href":"https:\/\/regsaecoat.com.mx\/en\/wp-json\/wp\/v2\/users\/1"}],"replies":[{"embeddable":true,"href":"https:\/\/regsaecoat.com.mx\/en\/wp-json\/wp\/v2\/comments?post=537"}],"version-history":[{"count":16,"href":"https:\/\/regsaecoat.com.mx\/en\/wp-json\/wp\/v2\/pages\/537\/revisions"}],"predecessor-version":[{"id":1145,"href":"https:\/\/regsaecoat.com.mx\/en\/wp-json\/wp\/v2\/pages\/537\/revisions\/1145"}],"wp:attachment":[{"href":"https:\/\/regsaecoat.com.mx\/en\/wp-json\/wp\/v2\/media?parent=537"}],"curies":[{"name":"wp","href":"https:\/\/api.w.org\/{rel}","templated":true}]}}