{"id":1078,"date":"2025-12-18T15:38:26","date_gmt":"2025-12-18T21:38:26","guid":{"rendered":"https:\/\/regsaecoat.com.mx\/?page_id=1078"},"modified":"2026-01-21T14:57:30","modified_gmt":"2026-01-21T20:57:30","slug":"1078-2","status":"publish","type":"page","link":"https:\/\/regsaecoat.com.mx\/en\/1078-2\/","title":{"rendered":"Laboratory"},"content":{"rendered":"<div class=\"wp-block-stackable-hero alignfull stk-block-hero stk-block stk-24ecdd5 stk-block-background is-style-default stk--has-background-overlay\" data-v=\"2\" data-block-id=\"24ecdd5\"><style>.stk-24ecdd5-inner-blocks{justify-content:center !important;}.stk-24ecdd5 {background-image:url(https:\/\/regsaecoat.com.mx\/wp-content\/uploads\/2025\/12\/KTL_gral9.jpg) !important;}.stk-24ecdd5:before{background-color:#000000 !important;opacity:0.5 !important;}.stk-24ecdd5 .stk-block-hero__content{min-height:500px !important;align-items:center !important;display:flex !important;}<\/style><div class=\"stk-block-hero__content stk-content-align stk-24ecdd5-column alignfull stk-container stk-24ecdd5-container stk--no-background stk--no-padding\"><div class=\"stk-block-content stk-inner-blocks has-text-align-center stk--column-flex stk-24ecdd5-inner-blocks\">\n<div class=\"wp-block-stackable-heading stk-block-heading stk-block-heading--v2 stk-block stk-a5dead6\" id=\"laboratorio\" data-block-id=\"a5dead6\"><style>.stk-a5dead6 .stk-block-heading__text{text-shadow:0px 6px 5px #000000e3 !important;font-size:var(--stk--preset--font-size--xx-large, 80px) !important;color:#ffffff !important;}@media screen and (max-width:999px){.stk-a5dead6 .stk-block-heading__text{font-size:var(--stk--preset--font-size--xx-large, 80px) !important;}}<\/style><h1 class=\"stk-block-heading__text has-text-color\">Laboratory<\/h1><\/div>\n<\/div><\/div><\/div>\n\n\n\n<div class=\"wp-block-stackable-feature stk-block-feature stk-block stk-ddfc142 is-style-default\" data-v=\"2\" data-block-id=\"ddfc142\"><style>.stk-ddfc142 {--stk-feature-flex-wrap:nowrap !important;margin-bottom:14px !important;}<\/style><div class=\"stk-content-align stk-ddfc142-column stk-container stk-ddfc142-container stk--no-background stk--no-padding\"><div class=\"stk-inner-blocks stk-block-content stk-row\">\n<div class=\"wp-block-stackable-column stk-block-column stk-column stk-block stk-26a6dcb\" data-v=\"4\" data-block-id=\"26a6dcb\"><style>.stk-26a6dcb {align-self:center !important;}<\/style><div class=\"stk-column-wrapper stk-block-column__content stk-container stk-26a6dcb-container stk--no-background stk--no-padding\"><div class=\"stk-block-content stk-inner-blocks stk-26a6dcb-inner-blocks\">\n<div class=\"wp-block-stackable-heading stk-block-heading stk-block-heading--v2 stk-block stk-6a5b488\" id=\"laboratorio-de-corrosion\" data-block-id=\"6a5b488\"><h2 class=\"stk-block-heading__text\">Corrosion testing laboratory<\/h2><\/div>\n\n\n\n<div class=\"wp-block-stackable-text stk-block-text stk-block stk-b50b468\" data-block-id=\"b50b468\"><style>.stk-b50b468 .stk-block-text__text{font-size:var(--stk--preset--font-size--medium, 20px) !important;}@media screen and (max-width:999px){.stk-b50b468 .stk-block-text__text{font-size:var(--stk--preset--font-size--medium, 20px) !important;}}<\/style><p class=\"stk-block-text__text\">\"Specialized equipment for accelerated corrosion testing, simulating extreme conditions to validate the resistance of coatings\".<\/p><\/div>\n\n\n\n<p><br><strong>Test:<\/strong> Salt spray test <\/p>\n\n\n\n<p><strong>Aim: <\/strong>Evaluate corrosion resistance<\/p>\n\n\n\n<p><strong>Results: <\/strong>Hours of uninterrupted exposure<\/p>\n<\/div><\/div><\/div>\n\n\n\n<div class=\"wp-block-stackable-column stk-block-column stk-column stk-block stk-59df76e\" data-v=\"4\" data-block-id=\"59df76e\"><style>.stk-59df76e {align-self:center !important;}<\/style><div class=\"stk-column-wrapper stk-block-column__content stk-container stk-59df76e-container stk--no-background stk--no-padding\"><div class=\"stk-block-content stk-inner-blocks stk-59df76e-inner-blocks\">\n<div class=\"wp-block-stackable-image stk-block-image stk-block stk-cfffba2\" data-block-id=\"cfffba2\"><figure><span class=\"stk-img-wrapper stk-image--shape-stretch\"><img loading=\"lazy\" decoding=\"async\" class=\"stk-img wp-image-1084\" src=\"https:\/\/regsaecoat.com.mx\/wp-content\/uploads\/2025\/12\/Lab_1.jpg\" width=\"893\" height=\"893\" srcset=\"https:\/\/regsaecoat.com.mx\/wp-content\/uploads\/2025\/12\/Lab_1.jpg 893w, https:\/\/regsaecoat.com.mx\/wp-content\/uploads\/2025\/12\/Lab_1-300x300.jpg 300w, https:\/\/regsaecoat.com.mx\/wp-content\/uploads\/2025\/12\/Lab_1-150x150.jpg 150w, https:\/\/regsaecoat.com.mx\/wp-content\/uploads\/2025\/12\/Lab_1-768x768.jpg 768w\" sizes=\"auto, (max-width: 893px) 100vw, 893px\" \/><\/span><\/figure><\/div>\n<\/div><\/div><\/div>\n<\/div><\/div><\/div>\n\n\n\n<div class=\"wp-block-stackable-tabs stk-block-tabs stk-block stk-94aa576\" data-initial-tab=\"1\" data-block-id=\"94aa576\"><style>.stk-94aa576 .stk-block-tab-content .stk-block-content .stk-block-column[hidden]{display:none !important;}<\/style><div class=\"stk-row stk-inner-blocks stk-block-content stk-block-tabs--horizontal stk-block-tabs--fade stk-content-align stk-94aa576-column\">\n<div class=\"wp-block-stackable-tab-labels stk-block-tab-labels stk-block stk-95aecdc is-style-classic\" data-block-id=\"95aecdc\"><style>.stk-95aecdc .stk-block-tabs__tab{color:#000000 !important;background:#eeeeee !important;border-style:solid !important;border-color:#000000 !important;border-top-width:1px !important;border-right-width:1px !important;border-bottom-width:1px !important;border-left-width:1px !important;}.stk-95aecdc .stk-block-tabs__tab.stk-block-tabs__tab--active .stk-block-tab-labels__text{color:#000000 !important;}.stk-95aecdc {overflow:hidden !important;box-shadow:inset 0px -1px 0px 0px rgba(0,0,0, 1) !important;}.stk-95aecdc .stk-block-tab-labels__text{text-shadow:2px 4px 5px #00000066 !important;color:#000000 !important;font-style:normal !important;}.stk-95aecdc .stk-block-tabs__tab .stk--inner-svg svg:last-child, .stk-95aecdc .stk-block-tabs__tab .stk--inner-svg svg:last-child :is(g, path, rect, polygon, ellipse){fill:#000000 !important;}.stk-95aecdc .stk-block-tabs__tab.stk-block-tabs__tab--active{background:#e9f0ff !important;border-color:#000000 !important;border-top-width:1px !important;border-right-width:1px !important;border-bottom-width:0px !important;border-left-width:1px !important;}<\/style><div class=\"stk-block-tab-labels__wrapper\" role=\"tablist\"><button class=\"stk-block-tabs__tab\" role=\"tab\"><div class=\"stk-block-tab-labels__text\"><span>Validated Result<\/span><\/div><\/button><button class=\"stk-block-tabs__tab\" role=\"tab\"><div class=\"stk-block-tab-labels__text\"><span>Applicable Standards<\/span><\/div><\/button><button class=\"stk-block-tabs__tab\" role=\"tab\"><div class=\"stk-block-tab-labels__text\"><span>Chamber Dimensions<\/span><\/div><\/button><\/div><\/div>\n\n\n\n<div class=\"wp-block-stackable-tab-content stk-block-tab-content stk-block stk-fbddd12\" data-block-id=\"fbddd12\"><div class=\"stk-row stk-inner-blocks stk-block-content stk-content-align stk-fbddd12-column\">\n<div class=\"wp-block-stackable-column stk-block-column stk-column stk-block stk-f837d88\" data-v=\"4\" role=\"tabpanel\" data-block-id=\"f837d88\"><div class=\"stk-column-wrapper stk-block-column__content stk-container stk-f837d88-container stk--no-background stk--no-padding\"><div class=\"stk-block-content stk-inner-blocks stk-f837d88-inner-blocks\">\n<div class=\"wp-block-stackable-text stk-block-text stk-block stk-69da1c3\" data-block-id=\"69da1c3\"><style>.stk-69da1c3 {margin-bottom:0px !important;}<\/style><p class=\"stk-block-text__text\"><strong>Validated Result:<\/strong><\/p><\/div>\n\n\n\n<p>More than 1000 hours in a salt spray chamber.<\/p>\n<\/div><\/div><\/div>\n\n\n\n<div class=\"wp-block-stackable-column stk-block-column stk-column stk-block stk-2460de3\" data-v=\"4\" role=\"tabpanel\" data-block-id=\"2460de3\"><div class=\"stk-column-wrapper stk-block-column__content stk-container stk-2460de3-container stk--no-background stk--no-padding\"><div class=\"stk-block-content stk-inner-blocks stk-2460de3-inner-blocks\">\n<div class=\"wp-block-stackable-text stk-block-text stk-block stk-702595e\" data-block-id=\"702595e\"><p class=\"stk-block-text__text\"><strong>Applicable Standards:<\/strong><\/p><\/div>\n\n\n\n<ul class=\"wp-block-list\">\n<li>BMW &#8211; GGS90011 (VDA621-415)<\/li>\n\n\n\n<li>BMW &#8211; GS 90010 ZnNi<\/li>\n\n\n\n<li>Chrysler \u2013 MS PB 60-2S<\/li>\n\n\n\n<li>Daimler &#8211; DBL 8451.15, Envirozin \/Kenlevel, TriPass Range ELV 1500 LT \/ 2000 \/ 2500 LT, TNT 12, 250<\/li>\n\n\n\n<li>Mercedes &#8211; DBL 7381.22<\/li>\n\n\n\n<li>Stellantis (FCA) &#8211; PS-50031<\/li>\n\n\n\n<li>Stellantis (FCA) &#8211; PS-50031, PERFORMA 285<\/li>\n\n\n\n<li>Stellantis (PSA) &#8211; B15 4101, Envirozin 240<\/li>\n\n\n\n<li>Volkswagen &#8211; TL 217<\/li>\n\n\n\n<li>Volkswagen &#8211; TL 244<\/li>\n\n\n\n<li>Volkswagen &#8211; TL 260; Ofl-X630, X634<\/li>\n<\/ul>\n<\/div><\/div><\/div>\n\n\n\n<div class=\"wp-block-stackable-column stk-block-column stk-column stk-block stk-af24373\" data-v=\"4\" role=\"tabpanel\" data-block-id=\"af24373\"><div class=\"stk-column-wrapper stk-block-column__content stk-container stk-af24373-container stk--no-background stk--no-padding\"><div class=\"stk-block-content stk-inner-blocks stk-af24373-inner-blocks\">\n<div class=\"wp-block-stackable-text stk-block-text stk-block stk-326cdc0\" data-block-id=\"326cdc0\"><style>.stk-326cdc0 {margin-bottom:3px !important;}<\/style><p class=\"stk-block-text__text\"><strong>Chamber Dimensions:<\/strong><\/p><\/div>\n\n\n\n<div class=\"wp-block-group is-nowrap is-layout-flex wp-container-core-group-is-layout-6c531013 wp-block-group-is-layout-flex\">\n<p>- 600 Model <br>- 640 liters<br>- Inside dimensions:<\/p>\n\n\n\n<p><\/p>\n<\/div>\n\n\n\n<ul class=\"wp-block-list\">\n<li>Height: 40 cm<\/li>\n\n\n\n<li>Width: 70 cm<\/li>\n\n\n\n<li>Large: 110 cm<\/li>\n<\/ul>\n<\/div><\/div><\/div>\n<\/div><\/div>\n<\/div><\/div>\n\n\n\n<div class=\"wp-block-stackable-divider stk-block-divider stk-block stk-686d8a0\" data-block-id=\"686d8a0\"><style>.stk-686d8a0 hr.stk-block-divider__hr{width:100% !important;}<\/style><hr class=\"stk-block-divider__hr\"\/><\/div>\n\n\n\n<div class=\"wp-block-stackable-feature alignfull stk-block-feature stk-block stk-910340c is-style-horizontal\" data-v=\"2\" data-block-id=\"910340c\"><style>.stk-910340c {--stk-feature-flex-wrap:nowrap !important;}<\/style><div class=\"stk-content-align stk-910340c-column alignwide stk-container stk-910340c-container stk--no-background stk--no-padding\"><div class=\"stk-inner-blocks stk-block-content stk-row\">\n<div class=\"wp-block-stackable-column stk-block-column stk-column stk-block stk-939bec0\" data-v=\"4\" data-block-id=\"939bec0\"><style>.stk-939bec0 {align-self:center !important;}<\/style><div class=\"stk-column-wrapper stk-block-column__content stk-container stk-939bec0-container stk--no-background stk--no-padding\"><div class=\"stk-block-content stk-inner-blocks stk-939bec0-inner-blocks\">\n<div class=\"wp-block-stackable-heading stk-block-heading stk-block-heading--v2 stk-block stk-3bfc4e5\" id=\"laboratorio-de-proceso\" data-block-id=\"3bfc4e5\"><h2 class=\"stk-block-heading__text\">Process Laboratory<\/h2><\/div>\n\n\n\n<div class=\"wp-block-stackable-columns stk-block-columns stk-block stk-294b126\" data-block-id=\"294b126\"><div class=\"stk-row stk-inner-blocks stk-block-content stk-content-align stk-294b126-column\">\n<div class=\"wp-block-stackable-column stk-block-column stk-column stk-block stk-4a3099b\" data-v=\"4\" data-block-id=\"4a3099b\"><div class=\"stk-column-wrapper stk-block-column__content stk-container stk-4a3099b-container stk--no-background stk--no-padding\"><div class=\"stk-block-content stk-inner-blocks stk-4a3099b-inner-blocks\">\n<div class=\"wp-block-stackable-heading stk-block-heading stk-block-heading--v2 stk-block stk-d00ebf6\" id=\"control-de-calidad-en-recubrimientos\" data-block-id=\"d00ebf6\"><h3 class=\"stk-block-heading__text\">Quality control in coatings<\/h3><\/div>\n\n\n\n<div class=\"wp-block-stackable-text stk-block-text stk-block stk-59b8024\" data-block-id=\"59b8024\"><style>.stk-59b8024 .stk-block-text__text{font-size:var(--stk--preset--font-size--large, 30px) !important;}@media screen and (max-width:999px){.stk-59b8024 .stk-block-text__text{font-size:var(--stk--preset--font-size--large, 30px) !important;}}<\/style><p class=\"stk-block-text__text\">Thickness measurements, Adhesion, Curing<\/p><\/div>\n<\/div><\/div><\/div>\n<\/div><\/div>\n<\/div><\/div><\/div>\n\n\n\n<div class=\"wp-block-stackable-column stk-block-column stk-column stk-block stk-62e6772\" data-v=\"4\" data-block-id=\"62e6772\"><style>.stk-62e6772 {align-self:center !important;}<\/style><div class=\"stk-column-wrapper stk-block-column__content stk-container stk-62e6772-container stk--no-background stk--no-padding\"><div class=\"stk-block-content stk-inner-blocks stk-62e6772-inner-blocks\">\n<div class=\"wp-block-stackable-image stk-block-image stk-block stk-3fd8eb6\" data-block-id=\"3fd8eb6\"><figure><span class=\"stk-img-wrapper stk-image--shape-stretch\"><img loading=\"lazy\" decoding=\"async\" class=\"stk-img wp-image-1087\" src=\"https:\/\/regsaecoat.com.mx\/wp-content\/uploads\/2025\/12\/Lab_2.jpg\" width=\"893\" height=\"893\" srcset=\"https:\/\/regsaecoat.com.mx\/wp-content\/uploads\/2025\/12\/Lab_2.jpg 893w, https:\/\/regsaecoat.com.mx\/wp-content\/uploads\/2025\/12\/Lab_2-300x300.jpg 300w, https:\/\/regsaecoat.com.mx\/wp-content\/uploads\/2025\/12\/Lab_2-150x150.jpg 150w, https:\/\/regsaecoat.com.mx\/wp-content\/uploads\/2025\/12\/Lab_2-768x768.jpg 768w\" sizes=\"auto, (max-width: 893px) 100vw, 893px\" \/><\/span><\/figure><\/div>\n<\/div><\/div><\/div>\n<\/div><\/div><\/div>\n\n\n\n<div class=\"wp-block-stackable-feature-grid alignwide stk-block-feature-grid stk-block-columns stk-block stk-26c88e2 is-style-default\" data-block-id=\"26c88e2\"><div class=\"stk-row stk-inner-blocks has-text-align-center stk-block-content stk-content-align stk-26c88e2-column alignwide\">\n<div class=\"wp-block-stackable-column stk-block-column stk-column stk-block stk-d3c05be\" data-v=\"4\" data-block-id=\"d3c05be\"><div class=\"stk-column-wrapper stk-block-column__content stk-container stk-d3c05be-container stk-hover-parent\"><div class=\"stk-block-content stk-inner-blocks stk-d3c05be-inner-blocks\">\n<div class=\"wp-block-stackable-image stk-block-image stk-block stk-1a216b4\" data-block-id=\"1a216b4\"><figure><span class=\"stk-img-wrapper stk-image--shape-stretch\"><img loading=\"lazy\" decoding=\"async\" class=\"stk-img wp-image-1091\" src=\"https:\/\/regsaecoat.com.mx\/wp-content\/uploads\/2025\/12\/Lab_3.jpg\" width=\"893\" height=\"893\" srcset=\"https:\/\/regsaecoat.com.mx\/wp-content\/uploads\/2025\/12\/Lab_3.jpg 893w, https:\/\/regsaecoat.com.mx\/wp-content\/uploads\/2025\/12\/Lab_3-300x300.jpg 300w, https:\/\/regsaecoat.com.mx\/wp-content\/uploads\/2025\/12\/Lab_3-150x150.jpg 150w, https:\/\/regsaecoat.com.mx\/wp-content\/uploads\/2025\/12\/Lab_3-768x768.jpg 768w\" sizes=\"auto, (max-width: 893px) 100vw, 893px\" \/><\/span><\/figure><\/div>\n\n\n\n<div class=\"wp-block-stackable-heading stk-block-heading stk-block-heading--v2 stk-block stk-46d4d12\" id=\"toma-de-espesores\" data-block-id=\"46d4d12\"><h3 class=\"stk-block-heading__text\">Thickness measurements<\/h3><\/div>\n\n\n\n<div class=\"wp-block-stackable-text stk-block-text stk-block stk-974be41\" data-block-id=\"974be41\"><p class=\"stk-block-text__text\">We verified the coating thickness to meet specifications<\/p><\/div>\n<\/div><\/div><\/div>\n\n\n\n<div class=\"wp-block-stackable-column stk-block-column stk-column stk-block stk-7f75896\" data-v=\"4\" data-block-id=\"7f75896\"><div class=\"stk-column-wrapper stk-block-column__content stk-container stk-7f75896-container stk-hover-parent\"><div class=\"stk-block-content stk-inner-blocks stk-7f75896-inner-blocks\">\n<div class=\"wp-block-stackable-image stk-block-image stk-block stk-9746957\" data-block-id=\"9746957\"><figure><span class=\"stk-img-wrapper stk-image--shape-stretch\"><img loading=\"lazy\" decoding=\"async\" class=\"stk-img wp-image-1092\" src=\"https:\/\/regsaecoat.com.mx\/wp-content\/uploads\/2025\/12\/Lab_4.jpg\" width=\"893\" height=\"893\" srcset=\"https:\/\/regsaecoat.com.mx\/wp-content\/uploads\/2025\/12\/Lab_4.jpg 893w, https:\/\/regsaecoat.com.mx\/wp-content\/uploads\/2025\/12\/Lab_4-300x300.jpg 300w, https:\/\/regsaecoat.com.mx\/wp-content\/uploads\/2025\/12\/Lab_4-150x150.jpg 150w, https:\/\/regsaecoat.com.mx\/wp-content\/uploads\/2025\/12\/Lab_4-768x768.jpg 768w\" sizes=\"auto, (max-width: 893px) 100vw, 893px\" \/><\/span><\/figure><\/div>\n\n\n\n<div class=\"wp-block-stackable-heading stk-block-heading stk-block-heading--v2 stk-block stk-b588459\" id=\"adherencia\" data-block-id=\"b588459\"><h3 class=\"stk-block-heading__text\">Adhesion<\/h3><\/div>\n\n\n\n<div class=\"wp-block-stackable-text stk-block-text stk-block stk-e7a9cae\" data-block-id=\"e7a9cae\"><p class=\"stk-block-text__text\">We evaluated the coating's adhesion to the surface<\/p><\/div>\n<\/div><\/div><\/div>\n\n\n\n<div class=\"wp-block-stackable-column stk-block-column stk-column stk-block stk-112bfe1\" data-v=\"4\" data-block-id=\"112bfe1\"><div class=\"stk-column-wrapper stk-block-column__content stk-container stk-112bfe1-container stk-hover-parent\"><div class=\"stk-block-content stk-inner-blocks stk-112bfe1-inner-blocks\">\n<div class=\"wp-block-stackable-image stk-block-image stk-block stk-155ec4b\" data-block-id=\"155ec4b\"><figure><span class=\"stk-img-wrapper stk-image--shape-stretch\"><img loading=\"lazy\" decoding=\"async\" class=\"stk-img wp-image-1094\" src=\"https:\/\/regsaecoat.com.mx\/wp-content\/uploads\/2025\/12\/Lab_5.jpg\" width=\"893\" height=\"893\" srcset=\"https:\/\/regsaecoat.com.mx\/wp-content\/uploads\/2025\/12\/Lab_5.jpg 893w, https:\/\/regsaecoat.com.mx\/wp-content\/uploads\/2025\/12\/Lab_5-300x300.jpg 300w, https:\/\/regsaecoat.com.mx\/wp-content\/uploads\/2025\/12\/Lab_5-150x150.jpg 150w, https:\/\/regsaecoat.com.mx\/wp-content\/uploads\/2025\/12\/Lab_5-768x768.jpg 768w\" sizes=\"auto, (max-width: 893px) 100vw, 893px\" \/><\/span><\/figure><\/div>\n\n\n\n<div class=\"wp-block-stackable-heading stk-block-heading stk-block-heading--v2 stk-block stk-44b5ad3\" id=\"curado\" data-block-id=\"44b5ad3\"><h3 class=\"stk-block-heading__text\">Curing<\/h3><\/div>\n\n\n\n<div class=\"wp-block-stackable-text stk-block-text stk-block stk-14d7da6\" data-block-id=\"14d7da6\"><p class=\"stk-block-text__text\">We evaluated the coating's adhesion to the surface<\/p><\/div>\n<\/div><\/div><\/div>\n<\/div><\/div>","protected":false},"excerpt":{"rendered":"<p>Laboratorio Laboratorio de Corrosi\u00f3n \u201cEquipo especializado para pruebas de corrosi\u00f3n acelerada, simulando condiciones extremas para validar la resistencia de recubrimientos.\u201d Tipo de prueba: Ensayo en c\u00e1mara salina Objetivo: Evaluar resistencia a la corrosi\u00f3n Resultados: Horas de exposici\u00f3n sin falla Resultado Validado Normas Aplicadas Dimensiones de la C\u00e1mara Resultado validado: M\u00e1s de 1000 horas en c\u00e1mara [&hellip;]<\/p>","protected":false},"author":1,"featured_media":0,"parent":0,"menu_order":0,"comment_status":"closed","ping_status":"closed","template":"","meta":{"footnotes":""},"class_list":["post-1078","page","type-page","status-publish","hentry"],"blocksy_meta":[],"_links":{"self":[{"href":"https:\/\/regsaecoat.com.mx\/en\/wp-json\/wp\/v2\/pages\/1078","targetHints":{"allow":["GET"]}}],"collection":[{"href":"https:\/\/regsaecoat.com.mx\/en\/wp-json\/wp\/v2\/pages"}],"about":[{"href":"https:\/\/regsaecoat.com.mx\/en\/wp-json\/wp\/v2\/types\/page"}],"author":[{"embeddable":true,"href":"https:\/\/regsaecoat.com.mx\/en\/wp-json\/wp\/v2\/users\/1"}],"replies":[{"embeddable":true,"href":"https:\/\/regsaecoat.com.mx\/en\/wp-json\/wp\/v2\/comments?post=1078"}],"version-history":[{"count":9,"href":"https:\/\/regsaecoat.com.mx\/en\/wp-json\/wp\/v2\/pages\/1078\/revisions"}],"predecessor-version":[{"id":1115,"href":"https:\/\/regsaecoat.com.mx\/en\/wp-json\/wp\/v2\/pages\/1078\/revisions\/1115"}],"wp:attachment":[{"href":"https:\/\/regsaecoat.com.mx\/en\/wp-json\/wp\/v2\/media?parent=1078"}],"curies":[{"name":"wp","href":"https:\/\/api.w.org\/{rel}","templated":true}]}}